{"id":1426,"date":"2023-06-13T10:22:40","date_gmt":"2023-06-13T08:22:40","guid":{"rendered":"https:\/\/mmh-2022.monmobilhome.com\/?page_id=1426"},"modified":"2023-08-08T14:41:05","modified_gmt":"2023-08-08T12:41:05","slug":"nota-maxima","status":"publish","type":"page","link":"https:\/\/monmobilhome.com\/es\/mentions-legales\/","title":{"rendered":"Informaci\u00f3n jur\u00eddica"},"content":{"rendered":"<h2 class=\"wp-block-heading\">Dise\u00f1o, desarrollo y publicaci\u00f3n del sitio web<\/h2>\n\n\n\n<h3 class=\"wp-block-heading\">Monmobilhome<\/h3>\n\n\n\n<p><strong>Empresa :<\/strong>\u00a0SARL MonMobilInicio<br><strong>Domicilio social:<\/strong>\u00a0Camping Le Vieux Port\u00a0<br><strong>Direcci\u00f3n<\/strong> 850 Route de la plage sud - 40660 Messanges, Francia<br><strong>Tel\u00e9fono<\/strong> : 06 28 02 05 18<br><strong>SIRET<\/strong>: 52749541000013<br><strong>RCS<\/strong>: Dax B 527 495 410<br><strong>Capital social :<\/strong>\u00a05.000,00 \u20ac<br><strong>Director editorial<\/strong> : Lucas LAFITTE<\/p>\n\n\n\n<h2 class=\"wp-block-heading\">Alojamiento web<\/h2>\n\n\n\n<h3 class=\"wp-block-heading\">O2Switch<\/h3>\n\n\n\n<p><strong>Empresa :<\/strong>&nbsp;SAS O2Switch<br><strong>Siret<\/strong> : 510 909 807 00032<br><strong>RCS<\/strong>: Clermont Ferrand<br><strong>Capital social<\/strong> : 100 000\u20ac<br><strong>Operador de telecomunicaciones registrado en ARCEP: <\/strong>09\/2989 - AS50474<\/p>","protected":false},"excerpt":{"rendered":"<p>Conception, d\u00e9veloppement et \u00e9dition du site Monmobilhome Soci\u00e9t\u00e9 :\u00a0SARL MonMobilHomeSi\u00e8ge social :\u00a0Camping Le Vieux Port\u00a0Adresse : 850 Route de la plage sud &#8211; 40660 Messanges, FranceT\u00e9l\u00e9phone : 06 28 02 05 18SIRET: 52749541000013RCS: Dax B 527 495 410Capital social :\u00a05.000,00 \u20acDirecteur de publication : Lucas LAFITTE H\u00e9bergement&nbsp;du site O2Switch Soci\u00e9t\u00e9 :&nbsp;SAS O2SwitchSiret : 510 909 [&hellip;]<\/p>\n","protected":false},"author":2,"featured_media":0,"parent":0,"menu_order":0,"comment_status":"closed","ping_status":"closed","template":"","meta":{"_acf_changed":false,"footnotes":""},"class_list":["post-1426","page","type-page","status-publish","hentry"],"acf":[],"_links":{"self":[{"href":"https:\/\/monmobilhome.com\/es\/wp-json\/wp\/v2\/pages\/1426","targetHints":{"allow":["GET"]}}],"collection":[{"href":"https:\/\/monmobilhome.com\/es\/wp-json\/wp\/v2\/pages"}],"about":[{"href":"https:\/\/monmobilhome.com\/es\/wp-json\/wp\/v2\/types\/page"}],"author":[{"embeddable":true,"href":"https:\/\/monmobilhome.com\/es\/wp-json\/wp\/v2\/users\/2"}],"replies":[{"embeddable":true,"href":"https:\/\/monmobilhome.com\/es\/wp-json\/wp\/v2\/comments?post=1426"}],"version-history":[{"count":1,"href":"https:\/\/monmobilhome.com\/es\/wp-json\/wp\/v2\/pages\/1426\/revisions"}],"predecessor-version":[{"id":2445,"href":"https:\/\/monmobilhome.com\/es\/wp-json\/wp\/v2\/pages\/1426\/revisions\/2445"}],"wp:attachment":[{"href":"https:\/\/monmobilhome.com\/es\/wp-json\/wp\/v2\/media?parent=1426"}],"curies":[{"name":"wp","href":"https:\/\/api.w.org\/{rel}","templated":true}]}}