{"id":1423,"date":"2023-06-13T09:40:49","date_gmt":"2023-06-13T07:40:49","guid":{"rendered":"https:\/\/mmh-2022.monmobilhome.com\/?page_id=1423"},"modified":"2024-06-07T12:07:51","modified_gmt":"2024-06-07T10:07:51","slug":"condiciones-generales-de-utilizacion","status":"publish","type":"page","link":"https:\/\/monmobilhome.com\/es\/conditions-generales-dutilisation\/","title":{"rendered":"Condiciones de uso"},"content":{"rendered":"<p><\/p>\n\n\n\n<p>Las presentes Condiciones Generales de Uso (en adelante, las \"CGU\") tienen por objeto establecer un marco jur\u00eddico para la prestaci\u00f3n del sitio y de sus servicios y definir las condiciones de acceso y utilizaci\u00f3n de los servicios por parte del Usuario.<\/p>\n\n\n\n<p>Estas CGU est\u00e1n disponibles en el sitio bajo el ep\u00edgrafe \"CGU\".<\/p>\n\n\n\n<p>Toda utilizaci\u00f3n del sitio implica la aceptaci\u00f3n sin reservas ni restricciones de las presentes CGU por parte del usuario.<\/p>\n\n\n\n<p>En caso de no aceptaci\u00f3n de las CGU estipuladas en el presente contrato, el Usuario deber\u00e1 renunciar al acceso a los servicios ofrecidos por el sitio.<\/p>\n\n\n\n<p>monmobilhome<em>.com<\/em> se reserva el derecho a modificar unilateralmente y en cualquier momento el contenido de estas CGU.<\/p>\n\n\n\n<h2 class=\"wp-block-heading\"><strong>Acceso al sitio<\/strong><\/h2>\n\n\n\n<p>El sitio web de monmobilhome<em>.com<\/em> ofrece a los usuarios acceso gratuito a los siguientes servicios:<\/p>\n\n\n\n<p>El sitio web ofrece los siguientes servicios:<\/p>\n\n\n\n<ul class=\"wp-block-list\">\n<li>Venta de casas m\u00f3viles nuevas<\/li>\n\n\n\n<li>Venta de autocaravanas de segunda mano<\/li>\n\n\n\n<li>Venta de material de camping de segunda mano<\/li>\n<\/ul>\n\n\n\n<p>El sitio es accesible gratuitamente desde cualquier lugar a cualquier Usuario con acceso a Internet. Todos los gastos en que incurra el Usuario para acceder al servicio (hardware, software, conexi\u00f3n a Internet, etc.) correr\u00e1n a su cargo.<\/p>\n\n\n\n<p>Los usuarios no miembros no tienen acceso al \u00e1rea PRO. Para ello, deben registrarse rellenando el formulario.<\/p>\n\n\n\n<p>Al aceptar registrarse en los servicios reservados, el Miembro Usuario (PRO) se compromete a facilitar informaci\u00f3n veraz y exacta sobre su estado civil y sus datos de contacto, en particular su direcci\u00f3n de correo electr\u00f3nico y su n\u00famero SIREN.<\/p>\n\n\n\n<p>Para acceder a los servicios, el usuario debe identificarse con su nombre de usuario y contrase\u00f1a.<\/p>\n\n\n\n<p>Cualquier acontecimiento de fuerza mayor que provoque un mal funcionamiento del sitio o del servidor, y a reserva de cualquier interrupci\u00f3n o modificaci\u00f3n en caso de mantenimiento, no comprometer\u00e1 la responsabilidad de<em> monmobilhomecom.<\/em>&nbsp;En tales casos, el Usuario acepta no responsabilizar al editor de cualquier interrupci\u00f3n o suspensi\u00f3n del servicio, incluso sin previo aviso.<\/p>\n\n\n\n<p>El usuario puede ponerse en contacto con el sitio por correo electr\u00f3nico en la direcci\u00f3n del editor: contact@monmobilhome.com.<\/p>\n\n\n\n<h2 class=\"wp-block-heading\"><strong>Recogida de datos<\/strong><\/h2>\n\n\n\n<p>El sitio garantiza que la informaci\u00f3n personal del Usuario se recopila y procesa con el debido respeto a la privacidad, de conformidad con la Ley francesa de Protecci\u00f3n de Datos n\u00ba 78-17 de 6 de enero de 1978. [<\/p>\n\n\n\n<p>De conformidad con la Ley francesa de Protecci\u00f3n de Datos de 6 de enero de 1978, el Usuario dispone de un derecho de acceso, rectificaci\u00f3n, supresi\u00f3n y oposici\u00f3n a sus datos. El Usuario puede ejercer este derecho:<\/p>\n\n\n\n<ul class=\"wp-block-list\">\n<li>por correo electr\u00f3nico a <a href=\"mailto:contact@resasol.com\">contact@resasol.com<\/a><\/li>\n\n\n\n<li>por correo a 1, Route des Lacs - 40480 VIEUX BOUCAU.<\/li>\n<\/ul>\n\n\n\n<h2 class=\"wp-block-heading\"><strong>Propiedad intelectual<\/strong><\/h2>\n\n\n\n<p>Las marcas, logotipos, signos y todo el contenido del sitio (texto, im\u00e1genes, sonido, etc.) est\u00e1n protegidos por el C\u00f3digo franc\u00e9s de la Propiedad Intelectual y, m\u00e1s concretamente, por los derechos de autor.<\/p>\n\n\n\n<p>La marca MONMOBILHOME es una marca registrada de NATURE ET LOISIRS.<\/p>\n\n\n\n<p>Cualquier representaci\u00f3n y\/o reproducci\u00f3n y\/o utilizaci\u00f3n parcial o total de esta marca, de cualquier naturaleza que sea, est\u00e1 totalmente prohibida.<\/p>\n\n\n\n<p>El Usuario deber\u00e1 solicitar autorizaci\u00f3n previa al sitio para cualquier reproducci\u00f3n, publicaci\u00f3n o copia de los distintos contenidos. El Usuario se compromete a utilizar el contenido del sitio en un contexto estrictamente privado; queda terminantemente prohibido cualquier uso con fines comerciales o publicitarios.<\/p>\n\n\n\n<p>Cualquier representaci\u00f3n total o parcial de este sitio web por cualquier medio sin la autorizaci\u00f3n expresa del operador del sitio web constituir\u00e1 una infracci\u00f3n sancionada por el art\u00edculo L 335-2 y siguientes del C\u00f3digo franc\u00e9s de la Propiedad Intelectual.<\/p>\n\n\n\n<p>De conformidad con el art\u00edculo L122-5 del C\u00f3digo de la Propiedad Intelectual franc\u00e9s, los Usuarios que reproduzcan, copien o publiquen contenidos protegidos deber\u00e1n citar el autor y la fuente.<\/p>\n\n\n\n<h2 class=\"wp-block-heading\"><strong>Responsabilidad<\/strong><\/h2>\n\n\n\n<p>Las fuentes de la informaci\u00f3n publicada en el sitio <em>monmobilhome.com<\/em> se consideran fiables, pero el sitio no garantiza que est\u00e9n libres de defectos, errores u omisiones. Los planos, fotos, precios y descripciones no son contractuales.<\/p>\n\n\n\n<p>La informaci\u00f3n facilitada es meramente orientativa y carece de valor contractual. A pesar de las actualizaciones peri\u00f3dicas, la <em><em>monmobilhome<\/em>.com <\/em>no se hace responsable de los cambios en las disposiciones administrativas o jur\u00eddicas que se produzcan despu\u00e9s de su publicaci\u00f3n. Del mismo modo, no se hace responsable del uso e interpretaci\u00f3n de la informaci\u00f3n contenida en este sitio.<\/p>\n\n\n\n<p>El Usuario Miembro es responsable de mantener en secreto su contrase\u00f1a. Queda prohibida cualquier divulgaci\u00f3n de la contrase\u00f1a, cualquiera que sea su forma. Asume todos los riesgos asociados al uso de su nombre de usuario y contrase\u00f1a.<\/p>\n\n\n\n<p>El sitio web <em><em>monmobilhome<\/em>.com<\/em> no se responsabiliza de los virus que puedan infectar al ordenador o cualquier otro equipo inform\u00e1tico del internauta como consecuencia de la utilizaci\u00f3n, acceso o descarga de esta p\u00e1gina web.<\/p>\n\n\n\n<p>El sitio no podr\u00e1 ser considerado responsable en caso de fuerza mayor o de acto imprevisible e insuperable de un tercero.<\/p>\n\n\n\n<h2 class=\"wp-block-heading\"><strong>Hiperenlaces externos<\/strong><\/h2>\n\n\n\n<p>El sitio puede contener enlaces de hipertexto externos. Se informa a los usuarios de que, al hacer clic en estos enlaces, saldr\u00e1n del sitio. <em>monmobilhome<\/em>.com. Este \u00faltimo no ejerce ning\u00fan control sobre las p\u00e1ginas web a las que remiten estos enlaces y no puede, en ning\u00fan caso, considerarse responsable de su contenido.<\/p>\n\n\n\n<h2 class=\"wp-block-heading\"><strong>Cookies<\/strong><\/h2>\n\n\n\n<p>Durante las visitas al sitio, puede instalarse autom\u00e1ticamente una cookie en el navegador del Usuario.<br><br>Las cookies son peque\u00f1os archivos depositados temporalmente en el disco duro del ordenador del Usuario. Estas cookies son necesarias para garantizar la accesibilidad y la navegaci\u00f3n en el sitio. Estos archivos no contienen ninguna informaci\u00f3n personal y no pueden utilizarse para identificar a una persona.<br><br>La informaci\u00f3n contenida en las cookies se utiliza para mejorar el rendimiento de la navegaci\u00f3n por el sitio.&nbsp;<em><em>monmobilhome<\/em>.com.<\/em><br>Al navegar por el sitio, el Usuario acepta las cookies indispensables para el funcionamiento del sitio. Pueden desactivarse a trav\u00e9s de la configuraci\u00f3n del navegador.<\/p>\n\n\n\n<h2 class=\"wp-block-heading\">Pol\u00edtica de privacidad<\/h2>\n\n\n\n<p>Tomaremos todas las medidas que consideremos razonablemente necesarias para garantizar que su informaci\u00f3n sea tratada de forma segura y de acuerdo con esta Pol\u00edtica de Privacidad y Cookies. Somos los \u00fanicos destinatarios de su Informaci\u00f3n Personal. Esta informaci\u00f3n, ya sea de forma individual o agregada, nunca se transmite a terceros. Nos aseguramos de que sus datos personales sean exactos y est\u00e9n actualizados. Sin embargo, usted es responsable de informarnos de cualquier cambio en sus datos personales y otra informaci\u00f3n (como cambios en los datos de contacto).<\/p>\n\n\n\n<p>Aunque tomamos estas medidas para garantizar la seguridad de su informaci\u00f3n, usted debe ser consciente de los muchos riesgos que existen para la seguridad de la informaci\u00f3n y tomar las precauciones adecuadas para ayudar a proteger su informaci\u00f3n. La naturaleza de Internet es tal que no podemos garantizar la seguridad de ninguna informaci\u00f3n que nos transmita electr\u00f3nicamente, y cualquier transmisi\u00f3n corre por su cuenta y riesgo.<br>Puede revocar en cualquier momento su consentimiento para el tratamiento de sus datos enviando un correo electr\u00f3nico a la siguiente direcci\u00f3n <a href=\"mailto:contact@resasol.com\">contact@resasol.com<\/a>. Puede solicitarnos en cualquier momento informaci\u00f3n sobre los datos personales que tenemos sobre usted o pedirnos que los corrijamos o eliminemos.<\/p>\n\n\n\n<h2 class=\"wp-block-heading\">Duraci\u00f3n del contrato<\/h2>\n\n\n\n<p>El presente contrato tiene una duraci\u00f3n indefinida. El inicio de la utilizaci\u00f3n de los servicios del sitio marca la aplicaci\u00f3n del contrato al Usuario.<br><br>El editor del sitio se reserva el derecho de modificar estas CGU en cualquier momento durante la vigencia del contrato. Las modificaciones entrar\u00e1n en vigor inmediatamente.<\/p>\n\n\n\n<h2 class=\"wp-block-heading\"><strong>Legislaci\u00f3n y jurisdicci\u00f3n aplicables<\/strong><\/h2>\n\n\n\n<p>El presente contrato se rige por la legislaci\u00f3n francesa. En caso de no resolverse amistosamente un litigio entre las partes, los tribunales franceses ser\u00e1n los \u00fanicos competentes.<\/p>\n\n\n\n<p>Si tiene alguna duda sobre la aplicaci\u00f3n de estas CGU, puede ponerse en contacto con el editor utilizando los datos de contacto que figuran en la p\u00e1gina <a href=\"https:\/\/monmobilhome.com\/es\/nota-maxima\/\" data-type=\"page\">Informaci\u00f3n legal: Editor del sitio<\/a><\/p>","protected":false},"excerpt":{"rendered":"<p>Les pr\u00e9sentes conditions g\u00e9n\u00e9rales d&rsquo;utilisation (dites \u00ab CGU \u00bb) ont pour objet l&rsquo;encadrement juridique des modalit\u00e9s de mise \u00e0 disposition du site et des services et de d\u00e9finir les conditions d\u2019acc\u00e8s et d\u2019utilisation des services par l&rsquo;Utilisateur \u00bb. Les pr\u00e9sentes CGU sont accessibles sur le site \u00e0 la rubrique \u00abCGU\u00bb. Toute utilisation du site implique [&hellip;]<\/p>\n","protected":false},"author":2,"featured_media":0,"parent":0,"menu_order":0,"comment_status":"closed","ping_status":"closed","template":"","meta":{"_acf_changed":false,"footnotes":""},"class_list":["post-1423","page","type-page","status-publish","hentry"],"acf":[],"_links":{"self":[{"href":"https:\/\/monmobilhome.com\/es\/wp-json\/wp\/v2\/pages\/1423","targetHints":{"allow":["GET"]}}],"collection":[{"href":"https:\/\/monmobilhome.com\/es\/wp-json\/wp\/v2\/pages"}],"about":[{"href":"https:\/\/monmobilhome.com\/es\/wp-json\/wp\/v2\/types\/page"}],"author":[{"embeddable":true,"href":"https:\/\/monmobilhome.com\/es\/wp-json\/wp\/v2\/users\/2"}],"replies":[{"embeddable":true,"href":"https:\/\/monmobilhome.com\/es\/wp-json\/wp\/v2\/comments?post=1423"}],"version-history":[{"count":1,"href":"https:\/\/monmobilhome.com\/es\/wp-json\/wp\/v2\/pages\/1423\/revisions"}],"predecessor-version":[{"id":3323,"href":"https:\/\/monmobilhome.com\/es\/wp-json\/wp\/v2\/pages\/1423\/revisions\/3323"}],"wp:attachment":[{"href":"https:\/\/monmobilhome.com\/es\/wp-json\/wp\/v2\/media?parent=1423"}],"curies":[{"name":"wp","href":"https:\/\/api.w.org\/{rel}","templated":true}]}}